{"id":5408,"date":"2019-08-26T12:57:53","date_gmt":"2019-08-26T10:57:53","guid":{"rendered":"https:\/\/www.veniceredhouse.com\/property-management\/"},"modified":"2023-02-20T14:20:44","modified_gmt":"2023-02-20T13:20:44","slug":"gestione-immobili","status":"publish","type":"page","link":"https:\/\/new.veniceredhouse.com\/it\/gestione-immobili\/","title":{"rendered":"Gestione immobili"},"content":{"rendered":"<h2 style=\"text-align: center;\">Gestiamo la tua casa<br \/>\ncome fosse la nostra<\/h2>\n<p>[contact-form-7 id=&#8221;5410&#8243; title=&#8221;Homeowner_IT&#8221;]<\/p>\n<p><img loading=\"lazy\" decoding=\"async\" class=\"alignnone size-large wp-image-2178\" title=\"Left view of the terrace with coffee table and view on the Venetian palaces - Three Terraces Apartment\" src=\"https:\/\/new.veniceredhouse.com\/files\/veniceredhouse.com\/2019\/08\/Three_Terraces_Apartment_20-1024x682.jpg\" alt=\"Left view of the terrace with coffee table and view on the Venetian palaces - Three Terraces Apartment\" width=\"1024\" height=\"682\" srcset=\"https:\/\/new.veniceredhouse.com\/wp-content\/uploads\/2019\/08\/Three_Terraces_Apartment_20-1024x682.jpg 1024w, https:\/\/new.veniceredhouse.com\/wp-content\/uploads\/2019\/08\/Three_Terraces_Apartment_20-300x200.jpg 300w, https:\/\/new.veniceredhouse.com\/wp-content\/uploads\/2019\/08\/Three_Terraces_Apartment_20-768x512.jpg 768w, https:\/\/new.veniceredhouse.com\/wp-content\/uploads\/2019\/08\/Three_Terraces_Apartment_20.jpg 1920w\" sizes=\"(max-width: 1024px) 100vw, 1024px\" \/><\/p>\n<div class=\"row\">\n<div class=\"col-sm-12\">\n<h4>Chi sono i nostri proprietari di case in affitto?<\/h4>\n<p>I proprietari delle case che gestiamo sono persone che hanno investito molto tempo ed energie nelle loro case, hanno stili di vita che spesso li obbliga ad essere assenti per lavoro, svago o entrambi.<br \/>\nHanno scelto di tenere vive le loro case e apprezzano la flessibilit\u00e0 dei nostri servizi cos\u00ec che la casa che gestiamo rimane la loro casa dove soggiornano quando tornano in citt\u00e0.<\/p>\n<\/div>\n<\/div>\n<div class=\"row\" style=\"background: #f2f2f2; padding: 20px;\">\n<div class=\"col-sm-12\">Accogliamo gli ospiti nella tua casa e ci occupiamo di tutti i dettagli:<strong>Prepariamo la tua casa<\/strong><br \/>\nIl nostro team di professionisti preparano la tua casa con lenzuola, asciugamani e articoli da toeletta prima che gli ospiti soggiornino,<br \/>\ne puliscono dopo che gli ospiti sono partiti. La casa sar\u00e0 sempre pulita<br \/>\ned ordinata, pronta ad accogliere nuovi ospiti.<strong>Ci prendiamo cura degli ospiti<\/strong><br \/>\nIncontriamo gli ospiti di persona al loro arrivo in citt\u00e0 e li accompagniamo<br \/>\na casa. Gestiamo il loro soggiorno attraverso il nostro team di assistenza 24\/7.<strong>Gestione completa dell\u2019immobile<\/strong><br \/>\nGestione completa dell\u2019immobile significa che hai sempre un team a disposizione che si prende cura dei dettagli e pu\u00f2 offrirti consulenza e supporto in loco per lavori di manutenzione e scelte di arredo.<\/p>\n<\/div>\n<\/div>\n<p>&nbsp;<\/p>\n<div class=\"row\">\n<div class=\"col-sm-12\">\n<h4>Chi siamo<\/h4>\n<p><img loading=\"lazy\" decoding=\"async\" class=\"alignnone size-large wp-image-2856\" title=\"CarolineMarco\" src=\"https:\/\/new.veniceredhouse.com\/files\/veniceredhouse.com\/2019\/09\/CarolineMarco-1024x683.jpg\" alt=\"CarolineMarco\" width=\"1024\" height=\"683\" srcset=\"https:\/\/new.veniceredhouse.com\/wp-content\/uploads\/2019\/09\/CarolineMarco.jpg 1024w, https:\/\/new.veniceredhouse.com\/wp-content\/uploads\/2019\/09\/CarolineMarco-300x200.jpg 300w\" sizes=\"(max-width: 1024px) 100vw, 1024px\" \/><\/p>\n<p>The Red House Company gestisce e affitta immobili di pregio a Venezia<br \/>\nda 2009 offrendo un servizio di altissima qualit\u00e0 nell\u2019accoglienza e gestione degli immobili e del soggiorno degli ospiti.<br \/>\nAbbiamo un portafoglio di immobili che permette una scelta ampia sia<br \/>\nper dimensioni che per stile, immobili di lusso in stile veneziano<br \/>\ne contemporaneo, nei migliori punti del centro storico delle citt\u00e0 d\u2019arte.<br \/>\nInoltre offriamo agli ospiti l\u2019opportunit\u00e0 di personalizzare il loro soggiorno suggerendo delle esperienze e dei tour che rendono unico e indimenticabile il tempo che trascorrono nelle case che gestiamo.<\/p>\n<\/div>\n<\/div>\n","protected":false},"excerpt":{"rendered":"<p>Gestiamo la tua casa come fosse la nostra [contact-form-7 id=&#8221;5410&#8243; title=&#8221;Homeowner_IT&#8221;] Chi sono i nostri proprietari di case in affitto? I proprietari delle case che gestiamo sono persone che hanno investito molto tempo ed energie nelle loro case, hanno stili di vita che spesso li obbliga ad essere assenti per lavoro, svago o entrambi. Hanno [&hellip;]<\/p>\n","protected":false},"author":1,"featured_media":0,"parent":0,"menu_order":0,"comment_status":"closed","ping_status":"closed","template":"landing-page.php","meta":{"inline_featured_image":false,"_genesis_hide_title":false,"_genesis_hide_breadcrumbs":false,"_genesis_hide_singular_image":false,"_genesis_hide_footer_widgets":false,"_genesis_custom_body_class":"body-align-left","_genesis_custom_post_class":"","_genesis_layout":"content-sidebar","footnotes":""},"class_list":{"0":"post-5408","1":"page","2":"type-page","3":"status-publish","5":"entry","6":"has-post-thumbnail"},"yoast_head":"<!-- This site is optimized with the Yoast SEO plugin v25.4 - https:\/\/yoast.com\/wordpress\/plugins\/seo\/ -->\n<title>Gestione immobili - Red House Company<\/title>\n<meta name=\"robots\" content=\"noindex, follow, max-snippet:-1, max-image-preview:large, max-video-preview:-1\" \/>\n<meta property=\"og:locale\" content=\"it_IT\" \/>\n<meta property=\"og:type\" content=\"article\" \/>\n<meta property=\"og:title\" content=\"Gestione immobili - Red House Company\" \/>\n<meta property=\"og:description\" content=\"Gestiamo la tua casa come fosse la nostra [contact-form-7 id=&#8221;5410&#8243; title=&#8221;Homeowner_IT&#8221;] Chi sono i nostri proprietari di case in affitto? I proprietari delle case che gestiamo sono persone che hanno investito molto tempo ed energie nelle loro case, hanno stili di vita che spesso li obbliga ad essere assenti per lavoro, svago o entrambi. Hanno [&hellip;]\" \/>\n<meta property=\"og:url\" content=\"https:\/\/new.veniceredhouse.com\/it\/gestione-immobili\/\" \/>\n<meta property=\"og:site_name\" content=\"Red House Company\" \/>\n<meta property=\"article:modified_time\" content=\"2023-02-20T13:20:44+00:00\" \/>\n<meta property=\"og:image\" content=\"https:\/\/new.veniceredhouse.com\/files\/veniceredhouse.com\/2019\/08\/Three_Terraces_Apartment_20-1024x682.jpg\" \/>\n<meta name=\"twitter:card\" content=\"summary_large_image\" \/>\n<meta name=\"twitter:label1\" content=\"Tempo di lettura stimato\" \/>\n\t<meta name=\"twitter:data1\" content=\"2 minuti\" \/>\n<script type=\"application\/ld+json\" class=\"yoast-schema-graph\">{\"@context\":\"https:\/\/schema.org\",\"@graph\":[{\"@type\":\"WebPage\",\"@id\":\"https:\/\/new.veniceredhouse.com\/it\/gestione-immobili\/\",\"url\":\"https:\/\/new.veniceredhouse.com\/it\/gestione-immobili\/\",\"name\":\"Gestione immobili - Red House Company\",\"isPartOf\":{\"@id\":\"https:\/\/new.veniceredhouse.com\/it\/#website\"},\"primaryImageOfPage\":{\"@id\":\"https:\/\/new.veniceredhouse.com\/it\/gestione-immobili\/#primaryimage\"},\"image\":{\"@id\":\"https:\/\/new.veniceredhouse.com\/it\/gestione-immobili\/#primaryimage\"},\"thumbnailUrl\":\"https:\/\/new.veniceredhouse.com\/files\/veniceredhouse.com\/2019\/08\/Three_Terraces_Apartment_20-1024x682.jpg\",\"datePublished\":\"2019-08-26T10:57:53+00:00\",\"dateModified\":\"2023-02-20T13:20:44+00:00\",\"breadcrumb\":{\"@id\":\"https:\/\/new.veniceredhouse.com\/it\/gestione-immobili\/#breadcrumb\"},\"inLanguage\":\"it-IT\",\"potentialAction\":[{\"@type\":\"ReadAction\",\"target\":[\"https:\/\/new.veniceredhouse.com\/it\/gestione-immobili\/\"]}]},{\"@type\":\"ImageObject\",\"inLanguage\":\"it-IT\",\"@id\":\"https:\/\/new.veniceredhouse.com\/it\/gestione-immobili\/#primaryimage\",\"url\":\"https:\/\/new.veniceredhouse.com\/files\/veniceredhouse.com\/2019\/08\/Three_Terraces_Apartment_20-1024x682.jpg\",\"contentUrl\":\"https:\/\/new.veniceredhouse.com\/files\/veniceredhouse.com\/2019\/08\/Three_Terraces_Apartment_20-1024x682.jpg\"},{\"@type\":\"BreadcrumbList\",\"@id\":\"https:\/\/new.veniceredhouse.com\/it\/gestione-immobili\/#breadcrumb\",\"itemListElement\":[{\"@type\":\"ListItem\",\"position\":1,\"name\":\"Home\",\"item\":\"https:\/\/new.veniceredhouse.com\/it\/\"},{\"@type\":\"ListItem\",\"position\":2,\"name\":\"Gestione immobili\"}]},{\"@type\":\"WebSite\",\"@id\":\"https:\/\/new.veniceredhouse.com\/it\/#website\",\"url\":\"https:\/\/new.veniceredhouse.com\/it\/\",\"name\":\"Red House Company\",\"description\":\"Rent Apartments in Venice\",\"publisher\":{\"@id\":\"https:\/\/new.veniceredhouse.com\/it\/#organization\"},\"potentialAction\":[{\"@type\":\"SearchAction\",\"target\":{\"@type\":\"EntryPoint\",\"urlTemplate\":\"https:\/\/new.veniceredhouse.com\/it\/?s={search_term_string}\"},\"query-input\":{\"@type\":\"PropertyValueSpecification\",\"valueRequired\":true,\"valueName\":\"search_term_string\"}}],\"inLanguage\":\"it-IT\"},{\"@type\":\"Organization\",\"@id\":\"https:\/\/new.veniceredhouse.com\/it\/#organization\",\"name\":\"Red House Company\",\"url\":\"https:\/\/new.veniceredhouse.com\/it\/\",\"logo\":{\"@type\":\"ImageObject\",\"inLanguage\":\"it-IT\",\"@id\":\"https:\/\/new.veniceredhouse.com\/it\/#\/schema\/logo\/image\/\",\"url\":\"https:\/\/new.veniceredhouse.com\/wp-content\/uploads\/2019\/07\/Logo_The-Red-House-Company.png\",\"contentUrl\":\"https:\/\/new.veniceredhouse.com\/wp-content\/uploads\/2019\/07\/Logo_The-Red-House-Company.png\",\"width\":440,\"height\":200,\"caption\":\"Red House Company\"},\"image\":{\"@id\":\"https:\/\/new.veniceredhouse.com\/it\/#\/schema\/logo\/image\/\"}}]}<\/script>\n<!-- \/ Yoast SEO plugin. -->","yoast_head_json":{"title":"Gestione immobili - Red House Company","robots":{"index":"noindex","follow":"follow","max-snippet":"max-snippet:-1","max-image-preview":"max-image-preview:large","max-video-preview":"max-video-preview:-1"},"og_locale":"it_IT","og_type":"article","og_title":"Gestione immobili - Red House Company","og_description":"Gestiamo la tua casa come fosse la nostra [contact-form-7 id=&#8221;5410&#8243; title=&#8221;Homeowner_IT&#8221;] Chi sono i nostri proprietari di case in affitto? I proprietari delle case che gestiamo sono persone che hanno investito molto tempo ed energie nelle loro case, hanno stili di vita che spesso li obbliga ad essere assenti per lavoro, svago o entrambi. Hanno [&hellip;]","og_url":"https:\/\/new.veniceredhouse.com\/it\/gestione-immobili\/","og_site_name":"Red House Company","article_modified_time":"2023-02-20T13:20:44+00:00","og_image":[{"url":"https:\/\/new.veniceredhouse.com\/files\/veniceredhouse.com\/2019\/08\/Three_Terraces_Apartment_20-1024x682.jpg","type":"","width":"","height":""}],"twitter_card":"summary_large_image","twitter_misc":{"Tempo di lettura stimato":"2 minuti"},"schema":{"@context":"https:\/\/schema.org","@graph":[{"@type":"WebPage","@id":"https:\/\/new.veniceredhouse.com\/it\/gestione-immobili\/","url":"https:\/\/new.veniceredhouse.com\/it\/gestione-immobili\/","name":"Gestione immobili - Red House Company","isPartOf":{"@id":"https:\/\/new.veniceredhouse.com\/it\/#website"},"primaryImageOfPage":{"@id":"https:\/\/new.veniceredhouse.com\/it\/gestione-immobili\/#primaryimage"},"image":{"@id":"https:\/\/new.veniceredhouse.com\/it\/gestione-immobili\/#primaryimage"},"thumbnailUrl":"https:\/\/new.veniceredhouse.com\/files\/veniceredhouse.com\/2019\/08\/Three_Terraces_Apartment_20-1024x682.jpg","datePublished":"2019-08-26T10:57:53+00:00","dateModified":"2023-02-20T13:20:44+00:00","breadcrumb":{"@id":"https:\/\/new.veniceredhouse.com\/it\/gestione-immobili\/#breadcrumb"},"inLanguage":"it-IT","potentialAction":[{"@type":"ReadAction","target":["https:\/\/new.veniceredhouse.com\/it\/gestione-immobili\/"]}]},{"@type":"ImageObject","inLanguage":"it-IT","@id":"https:\/\/new.veniceredhouse.com\/it\/gestione-immobili\/#primaryimage","url":"https:\/\/new.veniceredhouse.com\/files\/veniceredhouse.com\/2019\/08\/Three_Terraces_Apartment_20-1024x682.jpg","contentUrl":"https:\/\/new.veniceredhouse.com\/files\/veniceredhouse.com\/2019\/08\/Three_Terraces_Apartment_20-1024x682.jpg"},{"@type":"BreadcrumbList","@id":"https:\/\/new.veniceredhouse.com\/it\/gestione-immobili\/#breadcrumb","itemListElement":[{"@type":"ListItem","position":1,"name":"Home","item":"https:\/\/new.veniceredhouse.com\/it\/"},{"@type":"ListItem","position":2,"name":"Gestione immobili"}]},{"@type":"WebSite","@id":"https:\/\/new.veniceredhouse.com\/it\/#website","url":"https:\/\/new.veniceredhouse.com\/it\/","name":"Red House Company","description":"Rent Apartments in Venice","publisher":{"@id":"https:\/\/new.veniceredhouse.com\/it\/#organization"},"potentialAction":[{"@type":"SearchAction","target":{"@type":"EntryPoint","urlTemplate":"https:\/\/new.veniceredhouse.com\/it\/?s={search_term_string}"},"query-input":{"@type":"PropertyValueSpecification","valueRequired":true,"valueName":"search_term_string"}}],"inLanguage":"it-IT"},{"@type":"Organization","@id":"https:\/\/new.veniceredhouse.com\/it\/#organization","name":"Red House Company","url":"https:\/\/new.veniceredhouse.com\/it\/","logo":{"@type":"ImageObject","inLanguage":"it-IT","@id":"https:\/\/new.veniceredhouse.com\/it\/#\/schema\/logo\/image\/","url":"https:\/\/new.veniceredhouse.com\/wp-content\/uploads\/2019\/07\/Logo_The-Red-House-Company.png","contentUrl":"https:\/\/new.veniceredhouse.com\/wp-content\/uploads\/2019\/07\/Logo_The-Red-House-Company.png","width":440,"height":200,"caption":"Red House Company"},"image":{"@id":"https:\/\/new.veniceredhouse.com\/it\/#\/schema\/logo\/image\/"}}]}},"_links":{"self":[{"href":"https:\/\/new.veniceredhouse.com\/it\/wp-json\/wp\/v2\/pages\/5408"}],"collection":[{"href":"https:\/\/new.veniceredhouse.com\/it\/wp-json\/wp\/v2\/pages"}],"about":[{"href":"https:\/\/new.veniceredhouse.com\/it\/wp-json\/wp\/v2\/types\/page"}],"author":[{"embeddable":true,"href":"https:\/\/new.veniceredhouse.com\/it\/wp-json\/wp\/v2\/users\/1"}],"replies":[{"embeddable":true,"href":"https:\/\/new.veniceredhouse.com\/it\/wp-json\/wp\/v2\/comments?post=5408"}],"version-history":[{"count":4,"href":"https:\/\/new.veniceredhouse.com\/it\/wp-json\/wp\/v2\/pages\/5408\/revisions"}],"predecessor-version":[{"id":16933,"href":"https:\/\/new.veniceredhouse.com\/it\/wp-json\/wp\/v2\/pages\/5408\/revisions\/16933"}],"wp:attachment":[{"href":"https:\/\/new.veniceredhouse.com\/it\/wp-json\/wp\/v2\/media?parent=5408"}],"curies":[{"name":"wp","href":"https:\/\/api.w.org\/{rel}","templated":true}]}}