{"id":5487,"date":"2019-08-19T09:59:28","date_gmt":"2019-08-19T07:59:28","guid":{"rendered":"https:\/\/www.veniceredhouse.com\/about\/"},"modified":"2024-05-29T15:16:41","modified_gmt":"2024-05-29T13:16:41","slug":"qui-sommes-nous","status":"publish","type":"page","link":"https:\/\/new.veniceredhouse.com\/fr\/qui-sommes-nous\/","title":{"rendered":"Qui sommes-nous?"},"content":{"rendered":"<h1>Qui sommes-nous?<\/h1>\r\n\r\n<div class=\"wp-block-image\">\r\n<figure class=\"alignnone\"><img loading=\"lazy\" decoding=\"async\" class=\"alignnone wp-image-24325 size-large\" src=\"https:\/\/new.veniceredhouse.com\/wp-content\/uploads\/2024\/05\/red-house-compay-Marco-e-Caroline-724x1024.jpg\" alt=\"Marco and Caroline - The Venice Red House Company\" width=\"724\" height=\"1024\" srcset=\"https:\/\/new.veniceredhouse.com\/wp-content\/uploads\/2024\/05\/red-house-compay-Marco-e-Caroline-724x1024.jpg 724w, https:\/\/new.veniceredhouse.com\/wp-content\/uploads\/2024\/05\/red-house-compay-Marco-e-Caroline-212x300.jpg 212w, https:\/\/new.veniceredhouse.com\/wp-content\/uploads\/2024\/05\/red-house-compay-Marco-e-Caroline-1086x1536.jpg 1086w, https:\/\/new.veniceredhouse.com\/wp-content\/uploads\/2024\/05\/red-house-compay-Marco-e-Caroline.jpg 1193w\" sizes=\"(max-width: 724px) 100vw, 724px\" \/><\/figure>\r\n<\/div>\r\n\r\n<p>The Red House Company a \u00e9t\u00e9 fond\u00e9e \u00e0 Venise en 2009, en capitalisant sur l&rsquo;exp\u00e9rience manag\u00e9riale de Caroline Gucchierato et Marco Malafante. \u00ab Casa Rossa \u00bb est le nom de la premi\u00e8re propri\u00e9t\u00e9 g\u00e9r\u00e9e comme location touristique. Apr\u00e8s des ann\u00e9es de croissance et de d\u00e9veloppement constants, la soci\u00e9t\u00e9 g\u00e8re d\u00e9sormais plus de 50 propri\u00e9t\u00e9s haut de gamme. L\u2019objectif de l\u2019entreprise est de valoriser les investissements immobiliers \u00e0 Venise, en offrant de nouveaux standards de service aux visiteurs. Pour atteindre cet objectif, The Red House Company s&rsquo;est concentr\u00e9e sur le d\u00e9veloppement combin\u00e9 de la technologie et de la culture de travail d&rsquo;entreprise, avec un investissement constant dans la recherche et une mise \u00e0 jour r\u00e9guli\u00e8re de la formation du personnel. Caroline Gucchierato est issue du monde associatif. \u00c0 28 ans, elle devient la plus jeune femme dirigeante de la Confindustria dans l\u2019histoire de la conf\u00e9d\u00e9ration. Elle a ensuite obtenu une ma\u00eetrise en administration des affaires de l\u2019Universit\u00e9 Bocconi. Marco Malafante a plut\u00f4t travaill\u00e9 dans la direction des d\u00e9partements commerciaux d&rsquo;entreprises internationales, occupant m\u00eame le r\u00f4le de Country Manager et membre du conseil d&rsquo;administration de Bell Microproducts.<br \/>En 2014, apr\u00e8s avoir dirig\u00e9 des dizaines de maisons diff\u00e9rentes, Marco a d\u00e9cid\u00e9 de participer \u00e0 salons internationaux dans ce secteur, qui a \u00e9t\u00e9 et est encore de plus en plus touch\u00e9 par l&rsquo;\u00e9volution technologique. Gr\u00e2ce \u00e0 cette intuition, The Red House Company est entr\u00e9e en contact avec une communaut\u00e9 de plus de 6 000 entreprises am\u00e9ricaines et europ\u00e9ennes op\u00e9rant sur ce march\u00e9, trouvant un terrain de rencontre international qui a conduit l&rsquo;entreprise \u00e0 investir dans des produits technologiquement avanc\u00e9s.<\/p>\r\n<blockquote>\r\n<p style=\"text-align: center;\">\u00c9change, beaut\u00e9 et hospitalit\u00e9 : la grandeur de Venise a toujours \u00e9t\u00e9 fond\u00e9e sur ces valeurs que nous avons faites n\u00f4tres.<\/p>\r\n<p style=\"text-align: center; font-size: 18px;\">Caroline Gucchierato<\/p>\r\n<\/blockquote>\r\n<p>En effet, depuis 2014, The Red House Company est devenue la soci\u00e9t\u00e9 de location touristique la plus avanc\u00e9e technologiquement en Italie. Son objectif est de toujours \u00e9tablir de nouvelles normes technologiques et de qualit\u00e9 pour offrir aux propri\u00e9taires et aux invit\u00e9s une exp\u00e9rience unique capable d&rsquo;assurer la s\u00e9curit\u00e9 en termes de gestion des propri\u00e9t\u00e9s et en termes de choix de Red House pour son domaine et ses vacances. Cependant, cela n\u2019enl\u00e8ve rien \u00e0 l\u2019approche humaine dans les deux propositions commerciales de l\u2019entreprise. Nous avons besoin de technologie pour notre travail et pour aider nos clients \u00e0 rester inform\u00e9s des diff\u00e9rents d\u00e9veloppements de leurs propri\u00e9t\u00e9s, ou \u00e0 clarifier eux-m\u00eames les conditions et la gestion des propri\u00e9t\u00e9s. La technologie permet de g\u00e9rer les attentes de chacun et de rendre chaque membre de notre \u00e9quipe plus rentable. Ajouter de la valeur et ne pas d\u00e9shumaniser les relations est un imp\u00e9ratif de la Maison Rouge.<\/p>\r\n<blockquote>\r\n<p style=\"text-align: center;\">Curiosit\u00e9, enthousiasme, courage, confiance, int\u00e9grit\u00e9.<\/p>\r\n<\/blockquote>\r\n<p>Ces derni\u00e8res ann\u00e9es, l&rsquo;entreprise s&rsquo;est encore d\u00e9velopp\u00e9e, tout comme le nombre de clients fid\u00e8les, enthousiasm\u00e9s par l&rsquo;augmentation de l&rsquo;offre et de la qualit\u00e9 du service. Red House accueille diff\u00e9rents types d&rsquo;invit\u00e9s : des jeunes couples itin\u00e9rants et des familles de toutes tailles (de 3 \u00e0 16 membres), aux personnes combinant leurs besoins professionnels avec la jouissance d&rsquo;un contexte unique, en passant par les professeurs invit\u00e9s et les commissaires experts d&rsquo;expositions et pavillons de la Biennale. Le nombre de personnes qui se tournent vers Caroline et Marco pour un accueil et une hospitalit\u00e9 adapt\u00e9s aux artistes et op\u00e9rateurs en visite dans le monde de l&rsquo;art est en effet en augmentation. Pour la m\u00eame raison, Red House Company compte \u00e9galement de nombreux clients professionnels fid\u00e8les : les entreprises sont en effet habitu\u00e9es \u00e0 travailler avec quelqu&rsquo;un qui ma\u00eetrise le langage international du \u00ab Business-to-Business \u00bb. Un profil d&rsquo;entreprise aussi rare que lou\u00e9 dans le monde du tourisme v\u00e9nitien.<\/p>\r\n<blockquote>\r\n<p style=\"text-align: center;\">MISSION<\/p>\r\n<p style=\"text-align: center;\">La Compagnie Red House croit au tourisme de qualit\u00e9, visant \u00e0 valoriser les activit\u00e9s locales qui constituent un tr\u00e9sor culturel. Nous nous effor\u00e7ons chaque jour d\u2019offrir un service excellent et d\u00e9vou\u00e9. Notre d\u00e9veloppement est le r\u00e9sultat d&rsquo;un travail d&rsquo;\u00e9quipe acharn\u00e9, dans lequel chacun collabore \u00e0 la fois pour accueillir les invit\u00e9s et valoriser les propri\u00e9t\u00e9s d&rsquo;une mani\u00e8re unique et particuli\u00e8re.<\/p>\r\n<\/blockquote>\r\n<div style=\"text-align: center; margin: 50px 0;\"><a class=\"button\" href=\"https:\/\/new.veniceredhouse.com\/wp-content\/uploads\/2024\/03\/The-Red-House-Company-Company-Profile.pdf\">Company Profile<\/a><\/div>","protected":false},"excerpt":{"rendered":"<p>Qui sommes-nous? The Red House Company a \u00e9t\u00e9 fond\u00e9e \u00e0 Venise en 2009, en capitalisant sur l&rsquo;exp\u00e9rience manag\u00e9riale de Caroline Gucchierato et Marco Malafante. \u00ab Casa Rossa \u00bb est le nom de la premi\u00e8re propri\u00e9t\u00e9 g\u00e9r\u00e9e comme location touristique. Apr\u00e8s des ann\u00e9es de croissance et de d\u00e9veloppement constants, la soci\u00e9t\u00e9 g\u00e8re d\u00e9sormais plus de 50 [&hellip;]<\/p>\n","protected":false},"author":1,"featured_media":0,"parent":0,"menu_order":0,"comment_status":"closed","ping_status":"closed","template":"","meta":{"inline_featured_image":false,"_genesis_hide_title":false,"_genesis_hide_breadcrumbs":false,"_genesis_hide_singular_image":false,"_genesis_hide_footer_widgets":false,"_genesis_custom_body_class":"body-align-left","_genesis_custom_post_class":"","_genesis_layout":"content-sidebar","footnotes":""},"class_list":{"0":"post-5487","1":"page","2":"type-page","3":"status-publish","5":"entry","6":"has-post-thumbnail"},"yoast_head":"<!-- This site is optimized with the Yoast SEO plugin v25.4 - https:\/\/yoast.com\/wordpress\/plugins\/seo\/ -->\n<title>Qui sommes-nous? - Red House Company<\/title>\n<meta name=\"robots\" content=\"noindex, follow, max-snippet:-1, max-image-preview:large, max-video-preview:-1\" \/>\n<meta property=\"og:locale\" content=\"fr_FR\" \/>\n<meta property=\"og:type\" content=\"article\" \/>\n<meta property=\"og:title\" content=\"Qui sommes-nous? - Red House Company\" \/>\n<meta property=\"og:description\" content=\"Qui sommes-nous? The Red House Company a \u00e9t\u00e9 fond\u00e9e \u00e0 Venise en 2009, en capitalisant sur l&rsquo;exp\u00e9rience manag\u00e9riale de Caroline Gucchierato et Marco Malafante. \u00ab Casa Rossa \u00bb est le nom de la premi\u00e8re propri\u00e9t\u00e9 g\u00e9r\u00e9e comme location touristique. Apr\u00e8s des ann\u00e9es de croissance et de d\u00e9veloppement constants, la soci\u00e9t\u00e9 g\u00e8re d\u00e9sormais plus de 50 [&hellip;]\" \/>\n<meta property=\"og:url\" content=\"https:\/\/new.veniceredhouse.com\/fr\/qui-sommes-nous\/\" \/>\n<meta property=\"og:site_name\" content=\"Red House Company\" \/>\n<meta property=\"article:modified_time\" content=\"2024-05-29T13:16:41+00:00\" \/>\n<meta property=\"og:image\" content=\"https:\/\/new.veniceredhouse.com\/wp-content\/uploads\/2024\/05\/red-house-compay-Marco-e-Caroline-724x1024.jpg\" \/>\n<meta name=\"twitter:card\" content=\"summary_large_image\" \/>\n<meta name=\"twitter:label1\" content=\"Dur\u00e9e de lecture estim\u00e9e\" \/>\n\t<meta name=\"twitter:data1\" content=\"3 minutes\" \/>\n<script type=\"application\/ld+json\" class=\"yoast-schema-graph\">{\"@context\":\"https:\/\/schema.org\",\"@graph\":[{\"@type\":\"WebPage\",\"@id\":\"https:\/\/new.veniceredhouse.com\/fr\/qui-sommes-nous\/\",\"url\":\"https:\/\/new.veniceredhouse.com\/fr\/qui-sommes-nous\/\",\"name\":\"Qui sommes-nous? - Red House Company\",\"isPartOf\":{\"@id\":\"https:\/\/new.veniceredhouse.com\/fr\/#website\"},\"primaryImageOfPage\":{\"@id\":\"https:\/\/new.veniceredhouse.com\/fr\/qui-sommes-nous\/#primaryimage\"},\"image\":{\"@id\":\"https:\/\/new.veniceredhouse.com\/fr\/qui-sommes-nous\/#primaryimage\"},\"thumbnailUrl\":\"https:\/\/new.veniceredhouse.com\/wp-content\/uploads\/2024\/05\/red-house-compay-Marco-e-Caroline-724x1024.jpg\",\"datePublished\":\"2019-08-19T07:59:28+00:00\",\"dateModified\":\"2024-05-29T13:16:41+00:00\",\"breadcrumb\":{\"@id\":\"https:\/\/new.veniceredhouse.com\/fr\/qui-sommes-nous\/#breadcrumb\"},\"inLanguage\":\"fr-FR\",\"potentialAction\":[{\"@type\":\"ReadAction\",\"target\":[\"https:\/\/new.veniceredhouse.com\/fr\/qui-sommes-nous\/\"]}]},{\"@type\":\"ImageObject\",\"inLanguage\":\"fr-FR\",\"@id\":\"https:\/\/new.veniceredhouse.com\/fr\/qui-sommes-nous\/#primaryimage\",\"url\":\"https:\/\/new.veniceredhouse.com\/wp-content\/uploads\/2024\/05\/red-house-compay-Marco-e-Caroline-724x1024.jpg\",\"contentUrl\":\"https:\/\/new.veniceredhouse.com\/wp-content\/uploads\/2024\/05\/red-house-compay-Marco-e-Caroline-724x1024.jpg\"},{\"@type\":\"BreadcrumbList\",\"@id\":\"https:\/\/new.veniceredhouse.com\/fr\/qui-sommes-nous\/#breadcrumb\",\"itemListElement\":[{\"@type\":\"ListItem\",\"position\":1,\"name\":\"Home\",\"item\":\"https:\/\/new.veniceredhouse.com\/fr\/\"},{\"@type\":\"ListItem\",\"position\":2,\"name\":\"Qui sommes-nous?\"}]},{\"@type\":\"WebSite\",\"@id\":\"https:\/\/new.veniceredhouse.com\/fr\/#website\",\"url\":\"https:\/\/new.veniceredhouse.com\/fr\/\",\"name\":\"Red House Company\",\"description\":\"Rent Apartments in Venice\",\"publisher\":{\"@id\":\"https:\/\/new.veniceredhouse.com\/fr\/#organization\"},\"potentialAction\":[{\"@type\":\"SearchAction\",\"target\":{\"@type\":\"EntryPoint\",\"urlTemplate\":\"https:\/\/new.veniceredhouse.com\/fr\/?s={search_term_string}\"},\"query-input\":{\"@type\":\"PropertyValueSpecification\",\"valueRequired\":true,\"valueName\":\"search_term_string\"}}],\"inLanguage\":\"fr-FR\"},{\"@type\":\"Organization\",\"@id\":\"https:\/\/new.veniceredhouse.com\/fr\/#organization\",\"name\":\"Red House Company\",\"url\":\"https:\/\/new.veniceredhouse.com\/fr\/\",\"logo\":{\"@type\":\"ImageObject\",\"inLanguage\":\"fr-FR\",\"@id\":\"https:\/\/new.veniceredhouse.com\/fr\/#\/schema\/logo\/image\/\",\"url\":\"https:\/\/new.veniceredhouse.com\/wp-content\/uploads\/2019\/07\/Logo_The-Red-House-Company.png\",\"contentUrl\":\"https:\/\/new.veniceredhouse.com\/wp-content\/uploads\/2019\/07\/Logo_The-Red-House-Company.png\",\"width\":440,\"height\":200,\"caption\":\"Red House Company\"},\"image\":{\"@id\":\"https:\/\/new.veniceredhouse.com\/fr\/#\/schema\/logo\/image\/\"}}]}<\/script>\n<!-- \/ Yoast SEO plugin. -->","yoast_head_json":{"title":"Qui sommes-nous? - Red House Company","robots":{"index":"noindex","follow":"follow","max-snippet":"max-snippet:-1","max-image-preview":"max-image-preview:large","max-video-preview":"max-video-preview:-1"},"og_locale":"fr_FR","og_type":"article","og_title":"Qui sommes-nous? - Red House Company","og_description":"Qui sommes-nous? The Red House Company a \u00e9t\u00e9 fond\u00e9e \u00e0 Venise en 2009, en capitalisant sur l&rsquo;exp\u00e9rience manag\u00e9riale de Caroline Gucchierato et Marco Malafante. \u00ab Casa Rossa \u00bb est le nom de la premi\u00e8re propri\u00e9t\u00e9 g\u00e9r\u00e9e comme location touristique. Apr\u00e8s des ann\u00e9es de croissance et de d\u00e9veloppement constants, la soci\u00e9t\u00e9 g\u00e8re d\u00e9sormais plus de 50 [&hellip;]","og_url":"https:\/\/new.veniceredhouse.com\/fr\/qui-sommes-nous\/","og_site_name":"Red House Company","article_modified_time":"2024-05-29T13:16:41+00:00","og_image":[{"url":"https:\/\/new.veniceredhouse.com\/wp-content\/uploads\/2024\/05\/red-house-compay-Marco-e-Caroline-724x1024.jpg","type":"","width":"","height":""}],"twitter_card":"summary_large_image","twitter_misc":{"Dur\u00e9e de lecture estim\u00e9e":"3 minutes"},"schema":{"@context":"https:\/\/schema.org","@graph":[{"@type":"WebPage","@id":"https:\/\/new.veniceredhouse.com\/fr\/qui-sommes-nous\/","url":"https:\/\/new.veniceredhouse.com\/fr\/qui-sommes-nous\/","name":"Qui sommes-nous? - Red House Company","isPartOf":{"@id":"https:\/\/new.veniceredhouse.com\/fr\/#website"},"primaryImageOfPage":{"@id":"https:\/\/new.veniceredhouse.com\/fr\/qui-sommes-nous\/#primaryimage"},"image":{"@id":"https:\/\/new.veniceredhouse.com\/fr\/qui-sommes-nous\/#primaryimage"},"thumbnailUrl":"https:\/\/new.veniceredhouse.com\/wp-content\/uploads\/2024\/05\/red-house-compay-Marco-e-Caroline-724x1024.jpg","datePublished":"2019-08-19T07:59:28+00:00","dateModified":"2024-05-29T13:16:41+00:00","breadcrumb":{"@id":"https:\/\/new.veniceredhouse.com\/fr\/qui-sommes-nous\/#breadcrumb"},"inLanguage":"fr-FR","potentialAction":[{"@type":"ReadAction","target":["https:\/\/new.veniceredhouse.com\/fr\/qui-sommes-nous\/"]}]},{"@type":"ImageObject","inLanguage":"fr-FR","@id":"https:\/\/new.veniceredhouse.com\/fr\/qui-sommes-nous\/#primaryimage","url":"https:\/\/new.veniceredhouse.com\/wp-content\/uploads\/2024\/05\/red-house-compay-Marco-e-Caroline-724x1024.jpg","contentUrl":"https:\/\/new.veniceredhouse.com\/wp-content\/uploads\/2024\/05\/red-house-compay-Marco-e-Caroline-724x1024.jpg"},{"@type":"BreadcrumbList","@id":"https:\/\/new.veniceredhouse.com\/fr\/qui-sommes-nous\/#breadcrumb","itemListElement":[{"@type":"ListItem","position":1,"name":"Home","item":"https:\/\/new.veniceredhouse.com\/fr\/"},{"@type":"ListItem","position":2,"name":"Qui sommes-nous?"}]},{"@type":"WebSite","@id":"https:\/\/new.veniceredhouse.com\/fr\/#website","url":"https:\/\/new.veniceredhouse.com\/fr\/","name":"Red House Company","description":"Rent Apartments in Venice","publisher":{"@id":"https:\/\/new.veniceredhouse.com\/fr\/#organization"},"potentialAction":[{"@type":"SearchAction","target":{"@type":"EntryPoint","urlTemplate":"https:\/\/new.veniceredhouse.com\/fr\/?s={search_term_string}"},"query-input":{"@type":"PropertyValueSpecification","valueRequired":true,"valueName":"search_term_string"}}],"inLanguage":"fr-FR"},{"@type":"Organization","@id":"https:\/\/new.veniceredhouse.com\/fr\/#organization","name":"Red House Company","url":"https:\/\/new.veniceredhouse.com\/fr\/","logo":{"@type":"ImageObject","inLanguage":"fr-FR","@id":"https:\/\/new.veniceredhouse.com\/fr\/#\/schema\/logo\/image\/","url":"https:\/\/new.veniceredhouse.com\/wp-content\/uploads\/2019\/07\/Logo_The-Red-House-Company.png","contentUrl":"https:\/\/new.veniceredhouse.com\/wp-content\/uploads\/2019\/07\/Logo_The-Red-House-Company.png","width":440,"height":200,"caption":"Red House Company"},"image":{"@id":"https:\/\/new.veniceredhouse.com\/fr\/#\/schema\/logo\/image\/"}}]}},"_links":{"self":[{"href":"https:\/\/new.veniceredhouse.com\/fr\/wp-json\/wp\/v2\/pages\/5487"}],"collection":[{"href":"https:\/\/new.veniceredhouse.com\/fr\/wp-json\/wp\/v2\/pages"}],"about":[{"href":"https:\/\/new.veniceredhouse.com\/fr\/wp-json\/wp\/v2\/types\/page"}],"author":[{"embeddable":true,"href":"https:\/\/new.veniceredhouse.com\/fr\/wp-json\/wp\/v2\/users\/1"}],"replies":[{"embeddable":true,"href":"https:\/\/new.veniceredhouse.com\/fr\/wp-json\/wp\/v2\/comments?post=5487"}],"version-history":[{"count":3,"href":"https:\/\/new.veniceredhouse.com\/fr\/wp-json\/wp\/v2\/pages\/5487\/revisions"}],"predecessor-version":[{"id":24335,"href":"https:\/\/new.veniceredhouse.com\/fr\/wp-json\/wp\/v2\/pages\/5487\/revisions\/24335"}],"wp:attachment":[{"href":"https:\/\/new.veniceredhouse.com\/fr\/wp-json\/wp\/v2\/media?parent=5487"}],"curies":[{"name":"wp","href":"https:\/\/api.w.org\/{rel}","templated":true}]}}