{"id":5346,"date":"2019-08-26T12:54:35","date_gmt":"2019-08-26T10:54:35","guid":{"rendered":"https:\/\/www.veniceredhouse.com\/useful-links\/"},"modified":"2019-09-22T15:42:51","modified_gmt":"2019-09-22T13:42:51","slug":"liens-utiles","status":"publish","type":"page","link":"https:\/\/new.veniceredhouse.com\/fr\/liens-utiles\/","title":{"rendered":"Liens utiles"},"content":{"rendered":"<h1>Liens Utiles<\/h1>\n\n\n<div style=\"height:20px\" aria-hidden=\"true\" class=\"wp-block-spacer\"><\/div>\n\n\n\n<h2 class=\"wp-block-heading\"><strong>Art et Culture<\/strong><\/h2>\n\n\n\n<div class=\"wp-block-image\"><figure class=\"aligncenter\"><img loading=\"lazy\" decoding=\"async\" width=\"1024\" height=\"293\" src=\"https:\/\/new.veniceredhouse.com\/files\/veniceredhouse.com\/2019\/09\/Arte-e-Cultura-1-1024x293.jpg\" alt=\"\" class=\"wp-image-6870\" srcset=\"https:\/\/new.veniceredhouse.com\/wp-content\/uploads\/2019\/09\/Arte-e-Cultura-1-1024x293.jpg 1024w, https:\/\/new.veniceredhouse.com\/wp-content\/uploads\/2019\/09\/Arte-e-Cultura-1-300x86.jpg 300w, https:\/\/new.veniceredhouse.com\/wp-content\/uploads\/2019\/09\/Arte-e-Cultura-1-1320x377.jpg 1320w, https:\/\/new.veniceredhouse.com\/wp-content\/uploads\/2019\/09\/Arte-e-Cultura-1.jpg 1400w\" sizes=\"(max-width: 1024px) 100vw, 1024px\" \/><\/figure><\/div>\n\n\n\n<h6>Visitez les sites officiels des mus\u00e9es v\u00e9nitiens les plus importants et d\u00e9couvrez les expositions et les activit\u00e9s d\u00e9di\u00e9es aux familles, aux enfants, aux groupes et aux individuels.&nbsp;\n<\/h6>\n\n\n\n<div class=\"wp-block-columns has-2-columns is-layout-flex wp-container-core-columns-is-layout-1 wp-block-columns-is-layout-flex\">\n<div class=\"wp-block-column is-layout-flow wp-block-column-is-layout-flow\">\n<p>\u2022 <a href=\"https:\/\/www.visitmuve.it\/\">Musei Civici Veneziani<\/a><\/p>\n\n\n\n<p>\u2022 <a href=\"https:\/\/www.labiennale.org\/en\">La Biennale di Venezia<\/a><\/p>\n\n\n\n<p>\u2022 <a href=\"https:\/\/www.palazzograssi.it\/fr\/\">Palazzo Grassi \/ Punta della Dogana<\/a><\/p>\n<\/div>\n\n\n\n<div class=\"wp-block-column is-layout-flow wp-block-column-is-layout-flow\">\n<p>\u2022 <a href=\"https:\/\/www.cini.it\/en\">Fondazione Cini<\/a><\/p>\n\n\n\n<p>\u2022 <a href=\"https:\/\/www.gioiellinascostidivenezia.it\/en\/\">Gioielli nascosti Venezia<\/a><\/p>\n\n\n\n<p>\u2022 <a href=\"http:\/\/www.guggenheim-venice.it\/inglese\/default.html\">Guggenheim Collection<\/a><\/p>\n<\/div>\n<\/div>\n\n\n\n<h2 class=\"wp-block-heading\"><strong>\u00c9v\u00e9nements et Lifestyle<\/strong><\/h2>\n\n\n\n<div class=\"wp-block-image\"><figure class=\"aligncenter\"><img loading=\"lazy\" decoding=\"async\" width=\"1024\" height=\"293\" src=\"https:\/\/new.veniceredhouse.com\/files\/veniceredhouse.com\/2019\/09\/Event-and-Lifestyle-1-1024x293.jpg\" alt=\"\" class=\"wp-image-6873\" srcset=\"https:\/\/new.veniceredhouse.com\/wp-content\/uploads\/2019\/09\/Event-and-Lifestyle-1-1024x293.jpg 1024w, https:\/\/new.veniceredhouse.com\/wp-content\/uploads\/2019\/09\/Event-and-Lifestyle-1-300x86.jpg 300w, https:\/\/new.veniceredhouse.com\/wp-content\/uploads\/2019\/09\/Event-and-Lifestyle-1-1320x377.jpg 1320w, https:\/\/new.veniceredhouse.com\/wp-content\/uploads\/2019\/09\/Event-and-Lifestyle-1.jpg 1400w\" sizes=\"(max-width: 1024px) 100vw, 1024px\" \/><\/figure><\/div>\n\n\n\n<h6>D\u00e9couvrez les portails internet pour rester inform\u00e9 sur les \u00e9v\u00e9nements, la vie nocturne, les f\u00eates traditionnelles et tout ce qui se passe en ville.&nbsp;<\/h6>\n\n\n\n<p>\u2022 <a href=\"https:\/\/evenice.it\/\">Evenice<\/a><\/p>\n\n\n\n<p>\u2022 <a href=\"https:\/\/zero.eu\/en\/venezia\/\">Zero Magazine Venezia<\/a><\/p>\n\n\n\n<p>\u2022 <a href=\"https:\/\/www.facebook.com\/DetourismVeneziaOfficial\/\">Detourism Venezia<\/a><\/p>\n\n\n\n<div style=\"height:20px\" aria-hidden=\"true\" class=\"wp-block-spacer\"><\/div>\n\n\n\n<h2 class=\"wp-block-heading\"><strong>Mobilit\u00e9 et billets<\/strong><\/h2>\n\n\n\n<figure class=\"wp-block-image\"><img loading=\"lazy\" decoding=\"async\" width=\"1024\" height=\"293\" src=\"https:\/\/new.veniceredhouse.com\/files\/veniceredhouse.com\/2019\/09\/Mobilita-Trasporti-1-1024x293.jpg\" alt=\"\" class=\"wp-image-6876\" srcset=\"https:\/\/new.veniceredhouse.com\/wp-content\/uploads\/2019\/09\/Mobilita-Trasporti-1-1024x293.jpg 1024w, https:\/\/new.veniceredhouse.com\/wp-content\/uploads\/2019\/09\/Mobilita-Trasporti-1-300x86.jpg 300w, https:\/\/new.veniceredhouse.com\/wp-content\/uploads\/2019\/09\/Mobilita-Trasporti-1-1320x377.jpg 1320w, https:\/\/new.veniceredhouse.com\/wp-content\/uploads\/2019\/09\/Mobilita-Trasporti-1.jpg 1400w\" sizes=\"(max-width: 1024px) 100vw, 1024px\" \/><\/figure>\n\n\n\n<h6> Un site enti\u00e8rement d\u00e9di\u00e9 \u00e0 la mobilit\u00e9 \u00e0 Venise o\u00f9 il est possible d&rsquo;acheter des billets et des abonnements sur mesure pour votre s\u00e9jour.&nbsp; T\u00e9l\u00e9chargez les applications utiles pour votre s\u00e9jour \u00e0 Venise. <\/h6>\n\n\n\n<p><a href=\"https:\/\/www.veneziaunica.it\/en\/e-commerce\/services\">VeneziaUnica<\/a><\/p>\n\n\n\n<p><strong>App<\/strong><br>Quelques applications utiles pour votre s\u00e9jour \u00e0 Venise<\/p>\n\n\n\n<p>Visit website of <a href=\"https:\/\/chebateo.it\/#\/app\/home\">CheBateo<\/a> and download the App with the Vaporetto (public boat) timetables in Venice.<\/p>\n\n\n\n<div class=\"wp-block-columns has-2-columns is-layout-flex wp-container-core-columns-is-layout-2 wp-block-columns-is-layout-flex\">\n<div class=\"wp-block-column is-layout-flow wp-block-column-is-layout-flow\">\n<p>\u2022 Download <a href=\"https:\/\/apps.apple.com\/it\/app\/chebateo\/id1097333647\">MacOS<\/a> App<\/p>\n<\/div>\n\n\n\n<div class=\"wp-block-column is-layout-flow wp-block-column-is-layout-flow\">\n<p>\u2022 Download <a href=\"https:\/\/apps.apple.com\/it\/app\/chebateo\/id1097333647\">Android<\/a> App<\/p>\n<\/div>\n<\/div>\n\n\n\n<p><strong>hi!tide Venezia<\/strong> est une application id\u00e9ale pour les mises \u00e0 jour en temps r\u00e9el sur l&rsquo;\u00e9tat des hautes eaux dans tous les domaines de Venise.<\/p>\n\n\n\n<div class=\"wp-block-columns has-2-columns is-layout-flex wp-container-core-columns-is-layout-3 wp-block-columns-is-layout-flex\">\n<div class=\"wp-block-column is-layout-flow wp-block-column-is-layout-flow\">\n<p>\u2022 Download <a href=\"https:\/\/apps.apple.com\/it\/app\/hi-tide-venezia\/id469821030\">MacOS<\/a> App<\/p>\n<\/div>\n\n\n\n<div class=\"wp-block-column is-layout-flow wp-block-column-is-layout-flow\">\n<p> \u2022 Download <a href=\"https:\/\/play.google.com\/store\/apps\/details?id=venice.amphitrite&amp;hl=it\">Android<\/a> App<\/p>\n<\/div>\n<\/div>\n","protected":false},"excerpt":{"rendered":"<p>Liens Utiles Art et Culture Visitez les sites officiels des mus\u00e9es v\u00e9nitiens les plus importants et d\u00e9couvrez les expositions et les activit\u00e9s d\u00e9di\u00e9es aux familles, aux enfants, aux groupes et aux individuels.&nbsp; \u2022 Musei Civici Veneziani \u2022 La Biennale di Venezia \u2022 Palazzo Grassi \/ Punta della Dogana \u2022 Fondazione Cini \u2022 Gioielli nascosti Venezia [&hellip;]<\/p>\n","protected":false},"author":1,"featured_media":0,"parent":0,"menu_order":0,"comment_status":"closed","ping_status":"closed","template":"","meta":{"inline_featured_image":false,"_genesis_hide_title":false,"_genesis_hide_breadcrumbs":false,"_genesis_hide_singular_image":false,"_genesis_hide_footer_widgets":false,"_genesis_custom_body_class":"body-align-left","_genesis_custom_post_class":"","_genesis_layout":"content-sidebar","footnotes":""},"class_list":{"0":"post-5346","1":"page","2":"type-page","3":"status-publish","5":"entry","6":"has-post-thumbnail"},"yoast_head":"<!-- This site is optimized with the Yoast SEO plugin v25.4 - https:\/\/yoast.com\/wordpress\/plugins\/seo\/ -->\n<title>Liens utiles - Red House Company<\/title>\n<meta name=\"robots\" content=\"noindex, follow, max-snippet:-1, max-image-preview:large, max-video-preview:-1\" \/>\n<meta property=\"og:locale\" content=\"fr_FR\" \/>\n<meta property=\"og:type\" content=\"article\" \/>\n<meta property=\"og:title\" content=\"Liens utiles - Red House Company\" \/>\n<meta property=\"og:description\" content=\"Liens Utiles Art et Culture Visitez les sites officiels des mus\u00e9es v\u00e9nitiens les plus importants et d\u00e9couvrez les expositions et les activit\u00e9s d\u00e9di\u00e9es aux familles, aux enfants, aux groupes et aux individuels.&nbsp; \u2022 Musei Civici Veneziani \u2022 La Biennale di Venezia \u2022 Palazzo Grassi \/ Punta della Dogana \u2022 Fondazione Cini \u2022 Gioielli nascosti Venezia [&hellip;]\" \/>\n<meta property=\"og:url\" content=\"https:\/\/new.veniceredhouse.com\/fr\/liens-utiles\/\" \/>\n<meta property=\"og:site_name\" content=\"Red House Company\" \/>\n<meta property=\"article:modified_time\" content=\"2019-09-22T13:42:51+00:00\" \/>\n<meta property=\"og:image\" content=\"https:\/\/new.veniceredhouse.com\/files\/veniceredhouse.com\/2019\/09\/Arte-e-Cultura-1-1024x293.jpg\" \/>\n<meta name=\"twitter:card\" content=\"summary_large_image\" \/>\n<meta name=\"twitter:label1\" content=\"Dur\u00e9e de lecture estim\u00e9e\" \/>\n\t<meta name=\"twitter:data1\" content=\"1 minute\" \/>\n<script type=\"application\/ld+json\" class=\"yoast-schema-graph\">{\"@context\":\"https:\/\/schema.org\",\"@graph\":[{\"@type\":\"WebPage\",\"@id\":\"https:\/\/new.veniceredhouse.com\/fr\/liens-utiles\/\",\"url\":\"https:\/\/new.veniceredhouse.com\/fr\/liens-utiles\/\",\"name\":\"Liens utiles - Red House Company\",\"isPartOf\":{\"@id\":\"https:\/\/new.veniceredhouse.com\/fr\/#website\"},\"primaryImageOfPage\":{\"@id\":\"https:\/\/new.veniceredhouse.com\/fr\/liens-utiles\/#primaryimage\"},\"image\":{\"@id\":\"https:\/\/new.veniceredhouse.com\/fr\/liens-utiles\/#primaryimage\"},\"thumbnailUrl\":\"https:\/\/new.veniceredhouse.com\/files\/veniceredhouse.com\/2019\/09\/Arte-e-Cultura-1-1024x293.jpg\",\"datePublished\":\"2019-08-26T10:54:35+00:00\",\"dateModified\":\"2019-09-22T13:42:51+00:00\",\"breadcrumb\":{\"@id\":\"https:\/\/new.veniceredhouse.com\/fr\/liens-utiles\/#breadcrumb\"},\"inLanguage\":\"fr-FR\",\"potentialAction\":[{\"@type\":\"ReadAction\",\"target\":[\"https:\/\/new.veniceredhouse.com\/fr\/liens-utiles\/\"]}]},{\"@type\":\"ImageObject\",\"inLanguage\":\"fr-FR\",\"@id\":\"https:\/\/new.veniceredhouse.com\/fr\/liens-utiles\/#primaryimage\",\"url\":\"https:\/\/new.veniceredhouse.com\/files\/veniceredhouse.com\/2019\/09\/Arte-e-Cultura-1-1024x293.jpg\",\"contentUrl\":\"https:\/\/new.veniceredhouse.com\/files\/veniceredhouse.com\/2019\/09\/Arte-e-Cultura-1-1024x293.jpg\"},{\"@type\":\"BreadcrumbList\",\"@id\":\"https:\/\/new.veniceredhouse.com\/fr\/liens-utiles\/#breadcrumb\",\"itemListElement\":[{\"@type\":\"ListItem\",\"position\":1,\"name\":\"Home\",\"item\":\"https:\/\/new.veniceredhouse.com\/fr\/\"},{\"@type\":\"ListItem\",\"position\":2,\"name\":\"Liens utiles\"}]},{\"@type\":\"WebSite\",\"@id\":\"https:\/\/new.veniceredhouse.com\/fr\/#website\",\"url\":\"https:\/\/new.veniceredhouse.com\/fr\/\",\"name\":\"Red House Company\",\"description\":\"Rent Apartments in Venice\",\"publisher\":{\"@id\":\"https:\/\/new.veniceredhouse.com\/fr\/#organization\"},\"potentialAction\":[{\"@type\":\"SearchAction\",\"target\":{\"@type\":\"EntryPoint\",\"urlTemplate\":\"https:\/\/new.veniceredhouse.com\/fr\/?s={search_term_string}\"},\"query-input\":{\"@type\":\"PropertyValueSpecification\",\"valueRequired\":true,\"valueName\":\"search_term_string\"}}],\"inLanguage\":\"fr-FR\"},{\"@type\":\"Organization\",\"@id\":\"https:\/\/new.veniceredhouse.com\/fr\/#organization\",\"name\":\"Red House Company\",\"url\":\"https:\/\/new.veniceredhouse.com\/fr\/\",\"logo\":{\"@type\":\"ImageObject\",\"inLanguage\":\"fr-FR\",\"@id\":\"https:\/\/new.veniceredhouse.com\/fr\/#\/schema\/logo\/image\/\",\"url\":\"https:\/\/new.veniceredhouse.com\/wp-content\/uploads\/2019\/07\/Logo_The-Red-House-Company.png\",\"contentUrl\":\"https:\/\/new.veniceredhouse.com\/wp-content\/uploads\/2019\/07\/Logo_The-Red-House-Company.png\",\"width\":440,\"height\":200,\"caption\":\"Red House Company\"},\"image\":{\"@id\":\"https:\/\/new.veniceredhouse.com\/fr\/#\/schema\/logo\/image\/\"}}]}<\/script>\n<!-- \/ Yoast SEO plugin. -->","yoast_head_json":{"title":"Liens utiles - Red House Company","robots":{"index":"noindex","follow":"follow","max-snippet":"max-snippet:-1","max-image-preview":"max-image-preview:large","max-video-preview":"max-video-preview:-1"},"og_locale":"fr_FR","og_type":"article","og_title":"Liens utiles - Red House Company","og_description":"Liens Utiles Art et Culture Visitez les sites officiels des mus\u00e9es v\u00e9nitiens les plus importants et d\u00e9couvrez les expositions et les activit\u00e9s d\u00e9di\u00e9es aux familles, aux enfants, aux groupes et aux individuels.&nbsp; \u2022 Musei Civici Veneziani \u2022 La Biennale di Venezia \u2022 Palazzo Grassi \/ Punta della Dogana \u2022 Fondazione Cini \u2022 Gioielli nascosti Venezia [&hellip;]","og_url":"https:\/\/new.veniceredhouse.com\/fr\/liens-utiles\/","og_site_name":"Red House Company","article_modified_time":"2019-09-22T13:42:51+00:00","og_image":[{"url":"https:\/\/new.veniceredhouse.com\/files\/veniceredhouse.com\/2019\/09\/Arte-e-Cultura-1-1024x293.jpg","type":"","width":"","height":""}],"twitter_card":"summary_large_image","twitter_misc":{"Dur\u00e9e de lecture estim\u00e9e":"1 minute"},"schema":{"@context":"https:\/\/schema.org","@graph":[{"@type":"WebPage","@id":"https:\/\/new.veniceredhouse.com\/fr\/liens-utiles\/","url":"https:\/\/new.veniceredhouse.com\/fr\/liens-utiles\/","name":"Liens utiles - Red House Company","isPartOf":{"@id":"https:\/\/new.veniceredhouse.com\/fr\/#website"},"primaryImageOfPage":{"@id":"https:\/\/new.veniceredhouse.com\/fr\/liens-utiles\/#primaryimage"},"image":{"@id":"https:\/\/new.veniceredhouse.com\/fr\/liens-utiles\/#primaryimage"},"thumbnailUrl":"https:\/\/new.veniceredhouse.com\/files\/veniceredhouse.com\/2019\/09\/Arte-e-Cultura-1-1024x293.jpg","datePublished":"2019-08-26T10:54:35+00:00","dateModified":"2019-09-22T13:42:51+00:00","breadcrumb":{"@id":"https:\/\/new.veniceredhouse.com\/fr\/liens-utiles\/#breadcrumb"},"inLanguage":"fr-FR","potentialAction":[{"@type":"ReadAction","target":["https:\/\/new.veniceredhouse.com\/fr\/liens-utiles\/"]}]},{"@type":"ImageObject","inLanguage":"fr-FR","@id":"https:\/\/new.veniceredhouse.com\/fr\/liens-utiles\/#primaryimage","url":"https:\/\/new.veniceredhouse.com\/files\/veniceredhouse.com\/2019\/09\/Arte-e-Cultura-1-1024x293.jpg","contentUrl":"https:\/\/new.veniceredhouse.com\/files\/veniceredhouse.com\/2019\/09\/Arte-e-Cultura-1-1024x293.jpg"},{"@type":"BreadcrumbList","@id":"https:\/\/new.veniceredhouse.com\/fr\/liens-utiles\/#breadcrumb","itemListElement":[{"@type":"ListItem","position":1,"name":"Home","item":"https:\/\/new.veniceredhouse.com\/fr\/"},{"@type":"ListItem","position":2,"name":"Liens utiles"}]},{"@type":"WebSite","@id":"https:\/\/new.veniceredhouse.com\/fr\/#website","url":"https:\/\/new.veniceredhouse.com\/fr\/","name":"Red House Company","description":"Rent Apartments in Venice","publisher":{"@id":"https:\/\/new.veniceredhouse.com\/fr\/#organization"},"potentialAction":[{"@type":"SearchAction","target":{"@type":"EntryPoint","urlTemplate":"https:\/\/new.veniceredhouse.com\/fr\/?s={search_term_string}"},"query-input":{"@type":"PropertyValueSpecification","valueRequired":true,"valueName":"search_term_string"}}],"inLanguage":"fr-FR"},{"@type":"Organization","@id":"https:\/\/new.veniceredhouse.com\/fr\/#organization","name":"Red House Company","url":"https:\/\/new.veniceredhouse.com\/fr\/","logo":{"@type":"ImageObject","inLanguage":"fr-FR","@id":"https:\/\/new.veniceredhouse.com\/fr\/#\/schema\/logo\/image\/","url":"https:\/\/new.veniceredhouse.com\/wp-content\/uploads\/2019\/07\/Logo_The-Red-House-Company.png","contentUrl":"https:\/\/new.veniceredhouse.com\/wp-content\/uploads\/2019\/07\/Logo_The-Red-House-Company.png","width":440,"height":200,"caption":"Red House Company"},"image":{"@id":"https:\/\/new.veniceredhouse.com\/fr\/#\/schema\/logo\/image\/"}}]}},"_links":{"self":[{"href":"https:\/\/new.veniceredhouse.com\/fr\/wp-json\/wp\/v2\/pages\/5346"}],"collection":[{"href":"https:\/\/new.veniceredhouse.com\/fr\/wp-json\/wp\/v2\/pages"}],"about":[{"href":"https:\/\/new.veniceredhouse.com\/fr\/wp-json\/wp\/v2\/types\/page"}],"author":[{"embeddable":true,"href":"https:\/\/new.veniceredhouse.com\/fr\/wp-json\/wp\/v2\/users\/1"}],"replies":[{"embeddable":true,"href":"https:\/\/new.veniceredhouse.com\/fr\/wp-json\/wp\/v2\/comments?post=5346"}],"version-history":[{"count":3,"href":"https:\/\/new.veniceredhouse.com\/fr\/wp-json\/wp\/v2\/pages\/5346\/revisions"}],"predecessor-version":[{"id":6880,"href":"https:\/\/new.veniceredhouse.com\/fr\/wp-json\/wp\/v2\/pages\/5346\/revisions\/6880"}],"wp:attachment":[{"href":"https:\/\/new.veniceredhouse.com\/fr\/wp-json\/wp\/v2\/media?parent=5346"}],"curies":[{"name":"wp","href":"https:\/\/api.w.org\/{rel}","templated":true}]}}